{"id":2811,"date":"2021-12-10T10:58:05","date_gmt":"2021-12-10T10:58:05","guid":{"rendered":"http:\/\/devweb.cfl-idiomas.com\/?page_id=2811"},"modified":"2021-12-10T12:30:09","modified_gmt":"2021-12-10T12:30:09","slug":"cursos-1","status":"publish","type":"page","link":"https:\/\/cfl-idiomas.com\/?page_id=2811","title":{"rendered":"CURSOS"},"content":{"rendered":"\t\t<div data-elementor-type=\"wp-page\" data-elementor-id=\"2811\" class=\"elementor elementor-2811\">\n\t\t\t\t\t\t<section class=\"elementor-section elementor-top-section elementor-element elementor-element-19f45bc elementor-section-boxed elementor-section-height-default elementor-section-height-default\" data-id=\"19f45bc\" data-element_type=\"section\" data-e-type=\"section\">\n\t\t\t\t\t\t<div class=\"elementor-container elementor-column-gap-default\">\n\t\t\t\t\t<div class=\"elementor-column elementor-col-100 elementor-top-column elementor-element elementor-element-4d3f0f4\" data-id=\"4d3f0f4\" data-element_type=\"column\" data-e-type=\"column\">\n\t\t\t<div class=\"elementor-widget-wrap elementor-element-populated\">\n\t\t\t\t\t\t<div class=\"elementor-element elementor-element-13f62d1 elementor-widget elementor-widget-spacer\" data-id=\"13f62d1\" data-element_type=\"widget\" data-e-type=\"widget\" data-widget_type=\"spacer.default\">\n\t\t\t\t<div class=\"elementor-widget-container\">\n\t\t\t\t\t\t\t<div class=\"elementor-spacer\">\n\t\t\t<div class=\"elementor-spacer-inner\"><\/div>\n\t\t<\/div>\n\t\t\t\t\t\t<\/div>\n\t\t\t\t<\/div>\n\t\t\t\t\t<\/div>\n\t\t<\/div>\n\t\t\t\t\t<\/div>\n\t\t<\/section>\n\t\t\t\t<section class=\"elementor-section elementor-top-section elementor-element elementor-element-41032e2 elementor-section-boxed elementor-section-height-default elementor-section-height-default\" data-id=\"41032e2\" data-element_type=\"section\" data-e-type=\"section\">\n\t\t\t\t\t\t<div class=\"elementor-container elementor-column-gap-default\">\n\t\t\t\t\t<div class=\"elementor-column elementor-col-100 elementor-top-column elementor-element elementor-element-0496d41\" data-id=\"0496d41\" data-element_type=\"column\" data-e-type=\"column\">\n\t\t\t<div class=\"elementor-widget-wrap elementor-element-populated\">\n\t\t\t\t\t\t<div class=\"elementor-element elementor-element-daa9698 elementor-widget elementor-widget-heading\" data-id=\"daa9698\" data-element_type=\"widget\" data-e-type=\"widget\" data-widget_type=\"heading.default\">\n\t\t\t\t<div class=\"elementor-widget-container\">\n\t\t\t\t\t<h3 class=\"elementor-heading-title elementor-size-default\">NUESTROS CURSOS<\/h3>\t\t\t\t<\/div>\n\t\t\t\t<\/div>\n\t\t\t\t\t<\/div>\n\t\t<\/div>\n\t\t\t\t\t<\/div>\n\t\t<\/section>\n\t\t\t\t<section class=\"elementor-section elementor-top-section elementor-element elementor-element-1b8ceea elementor-section-boxed elementor-section-height-default elementor-section-height-default\" data-id=\"1b8ceea\" data-element_type=\"section\" data-e-type=\"section\">\n\t\t\t\t\t\t<div class=\"elementor-container elementor-column-gap-default\">\n\t\t\t\t\t<div class=\"elementor-column elementor-col-100 elementor-top-column elementor-element elementor-element-48030fd\" data-id=\"48030fd\" data-element_type=\"column\" data-e-type=\"column\">\n\t\t\t<div class=\"elementor-widget-wrap elementor-element-populated\">\n\t\t\t\t\t\t<div class=\"elementor-element elementor-element-d2a6f27 elementor-widget elementor-widget-spacer\" data-id=\"d2a6f27\" data-element_type=\"widget\" data-e-type=\"widget\" data-widget_type=\"spacer.default\">\n\t\t\t\t<div class=\"elementor-widget-container\">\n\t\t\t\t\t\t\t<div class=\"elementor-spacer\">\n\t\t\t<div class=\"elementor-spacer-inner\"><\/div>\n\t\t<\/div>\n\t\t\t\t\t\t<\/div>\n\t\t\t\t<\/div>\n\t\t\t\t\t<\/div>\n\t\t<\/div>\n\t\t\t\t\t<\/div>\n\t\t<\/section>\n\t\t\t\t<section class=\"elementor-section elementor-top-section elementor-element elementor-element-bfd3608 elementor-section-boxed elementor-section-height-default elementor-section-height-default\" data-id=\"bfd3608\" data-element_type=\"section\" data-e-type=\"section\">\n\t\t\t\t\t\t<div class=\"elementor-container elementor-column-gap-default\">\n\t\t\t\t\t<div class=\"elementor-column elementor-col-25 elementor-top-column elementor-element elementor-element-426d98b\" data-id=\"426d98b\" data-element_type=\"column\" data-e-type=\"column\">\n\t\t\t<div class=\"elementor-widget-wrap elementor-element-populated\">\n\t\t\t\t\t\t<div class=\"elementor-element elementor-element-9cf34c5 elementor-align-center elementor-widget elementor-widget-button\" data-id=\"9cf34c5\" data-element_type=\"widget\" data-e-type=\"widget\" data-widget_type=\"button.default\">\n\t\t\t\t<div class=\"elementor-widget-container\">\n\t\t\t\t\t\t\t\t\t<div class=\"elementor-button-wrapper\">\n\t\t\t\t\t<a class=\"elementor-button elementor-button-link elementor-size-lg\" href=\"#ni\u00f1os\">\n\t\t\t\t\t\t<span class=\"elementor-button-content-wrapper\">\n\t\t\t\t\t\t\t\t\t<span class=\"elementor-button-text\">NI\u00d1OS<\/span>\n\t\t\t\t\t<\/span>\n\t\t\t\t\t<\/a>\n\t\t\t\t<\/div>\n\t\t\t\t\t\t\t\t<\/div>\n\t\t\t\t<\/div>\n\t\t\t\t\t<\/div>\n\t\t<\/div>\n\t\t\t\t<div class=\"elementor-column elementor-col-25 elementor-top-column elementor-element elementor-element-34fe844\" data-id=\"34fe844\" data-element_type=\"column\" data-e-type=\"column\">\n\t\t\t<div class=\"elementor-widget-wrap elementor-element-populated\">\n\t\t\t\t\t\t<div class=\"elementor-element elementor-element-b606b0f elementor-align-center elementor-widget elementor-widget-button\" data-id=\"b606b0f\" data-element_type=\"widget\" data-e-type=\"widget\" data-widget_type=\"button.default\">\n\t\t\t\t<div class=\"elementor-widget-container\">\n\t\t\t\t\t\t\t\t\t<div class=\"elementor-button-wrapper\">\n\t\t\t\t\t<a class=\"elementor-button elementor-button-link elementor-size-lg\" href=\"#adultos\">\n\t\t\t\t\t\t<span class=\"elementor-button-content-wrapper\">\n\t\t\t\t\t\t\t\t\t<span class=\"elementor-button-text\">ADULTOS<\/span>\n\t\t\t\t\t<\/span>\n\t\t\t\t\t<\/a>\n\t\t\t\t<\/div>\n\t\t\t\t\t\t\t\t<\/div>\n\t\t\t\t<\/div>\n\t\t\t\t\t<\/div>\n\t\t<\/div>\n\t\t\t\t<div class=\"elementor-column elementor-col-25 elementor-top-column elementor-element elementor-element-430acf4\" data-id=\"430acf4\" data-element_type=\"column\" data-e-type=\"column\">\n\t\t\t<div class=\"elementor-widget-wrap elementor-element-populated\">\n\t\t\t\t\t\t<div class=\"elementor-element elementor-element-e8f6b0a elementor-align-center elementor-widget elementor-widget-button\" data-id=\"e8f6b0a\" data-element_type=\"widget\" data-e-type=\"widget\" data-widget_type=\"button.default\">\n\t\t\t\t<div class=\"elementor-widget-container\">\n\t\t\t\t\t\t\t\t\t<div class=\"elementor-button-wrapper\">\n\t\t\t\t\t<a class=\"elementor-button elementor-button-link elementor-size-lg\" href=\"#examenes\">\n\t\t\t\t\t\t<span class=\"elementor-button-content-wrapper\">\n\t\t\t\t\t\t\t\t\t<span class=\"elementor-button-text\">EX\u00c1MENES<\/span>\n\t\t\t\t\t<\/span>\n\t\t\t\t\t<\/a>\n\t\t\t\t<\/div>\n\t\t\t\t\t\t\t\t<\/div>\n\t\t\t\t<\/div>\n\t\t\t\t\t<\/div>\n\t\t<\/div>\n\t\t\t\t<div class=\"elementor-column elementor-col-25 elementor-top-column elementor-element elementor-element-3893a80\" data-id=\"3893a80\" data-element_type=\"column\" data-e-type=\"column\">\n\t\t\t<div class=\"elementor-widget-wrap elementor-element-populated\">\n\t\t\t\t\t\t<div class=\"elementor-element elementor-element-8d89b58 elementor-align-center elementor-widget elementor-widget-button\" data-id=\"8d89b58\" data-element_type=\"widget\" data-e-type=\"widget\" data-widget_type=\"button.default\">\n\t\t\t\t<div class=\"elementor-widget-container\">\n\t\t\t\t\t\t\t\t\t<div class=\"elementor-button-wrapper\">\n\t\t\t\t\t<a class=\"elementor-button elementor-button-link elementor-size-lg\" href=\"#empresas\">\n\t\t\t\t\t\t<span class=\"elementor-button-content-wrapper\">\n\t\t\t\t\t\t\t\t\t<span class=\"elementor-button-text\">EMPRESA<\/span>\n\t\t\t\t\t<\/span>\n\t\t\t\t\t<\/a>\n\t\t\t\t<\/div>\n\t\t\t\t\t\t\t\t<\/div>\n\t\t\t\t<\/div>\n\t\t\t\t\t<\/div>\n\t\t<\/div>\n\t\t\t\t\t<\/div>\n\t\t<\/section>\n\t\t\t\t<section class=\"elementor-section elementor-top-section elementor-element elementor-element-72402d4 elementor-section-boxed elementor-section-height-default elementor-section-height-default\" data-id=\"72402d4\" data-element_type=\"section\" data-e-type=\"section\">\n\t\t\t\t\t\t<div class=\"elementor-container elementor-column-gap-default\">\n\t\t\t\t\t<div class=\"elementor-column elementor-col-100 elementor-top-column elementor-element elementor-element-8bfbd2e\" data-id=\"8bfbd2e\" data-element_type=\"column\" data-e-type=\"column\">\n\t\t\t<div class=\"elementor-widget-wrap elementor-element-populated\">\n\t\t\t\t\t\t<div class=\"elementor-element elementor-element-5f9efb4 elementor-widget elementor-widget-spacer\" data-id=\"5f9efb4\" data-element_type=\"widget\" data-e-type=\"widget\" data-widget_type=\"spacer.default\">\n\t\t\t\t<div class=\"elementor-widget-container\">\n\t\t\t\t\t\t\t<div class=\"elementor-spacer\">\n\t\t\t<div class=\"elementor-spacer-inner\"><\/div>\n\t\t<\/div>\n\t\t\t\t\t\t<\/div>\n\t\t\t\t<\/div>\n\t\t\t\t\t<\/div>\n\t\t<\/div>\n\t\t\t\t\t<\/div>\n\t\t<\/section>\n\t\t\t\t<section class=\"elementor-section elementor-top-section elementor-element elementor-element-51ed63e elementor-section-boxed elementor-section-height-default elementor-section-height-default\" data-id=\"51ed63e\" data-element_type=\"section\" data-e-type=\"section\" id=\"ni\u00f1os\">\n\t\t\t\t\t\t\t<div class=\"elementor-background-overlay\"><\/div>\n\t\t\t\t\t\t\t<div class=\"elementor-container elementor-column-gap-default\">\n\t\t\t\t\t<div class=\"elementor-column elementor-col-100 elementor-top-column elementor-element elementor-element-44d714d\" data-id=\"44d714d\" data-element_type=\"column\" data-e-type=\"column\">\n\t\t\t<div class=\"elementor-widget-wrap elementor-element-populated\">\n\t\t\t\t\t\t<div class=\"elementor-element elementor-element-8c274da elementor-widget elementor-widget-heading\" data-id=\"8c274da\" data-element_type=\"widget\" data-e-type=\"widget\" data-widget_type=\"heading.default\">\n\t\t\t\t<div class=\"elementor-widget-container\">\n\t\t\t\t\t<h5 class=\"elementor-heading-title elementor-size-default\">NI\u00d1OS<\/h5>\t\t\t\t<\/div>\n\t\t\t\t<\/div>\n\t\t\t\t<div class=\"elementor-element elementor-element-f7e8e7f elementor-widget elementor-widget-text-editor\" data-id=\"f7e8e7f\" data-element_type=\"widget\" data-e-type=\"widget\" data-widget_type=\"text-editor.default\">\n\t\t\t\t<div class=\"elementor-widget-container\">\n\t\t\t\t\t\t\t\t\t<p>Para grupos de ni\u00f1os de 3 a\u00f1os (1\u00ba Infantil) hasta 2\u00ba Bachiller, ofrecemos un apoyo y una ampliaci\u00f3n de la oferta de ense\u00f1anza en idiomas que los escolares reciben en sus Centros Educativos. Seguimos muy de cerca los contenidos impartidos en los colegios e institutos de nuestros alumnos y as\u00ed podemos ayudarles a mejorar sus resultados y conseguir una mayor progresi\u00f3n.<\/p><p>Nuestros grupos cuentan con un m\u00e1ximo de 8 alumnos, aunque tambi\u00e9n ofrecemos la posibilidad de clases particulares y semi-particulares. Nuestros centros est\u00e1n dotados con salas de ordenadores, conexiones para la realizaci\u00f3n de videoconferencias y, adem\u00e1s del material did\u00e1ctico, un amplio surtido de juegos y proyectos que ayudan al ni\u00f1o a expresarse en el idioma todos los d\u00edas. Gracias al menor n\u00famero de ni\u00f1os en el aula, nuestros alumnos\/as interact\u00faan todos los d\u00edas con el idoma. Toda nuestra labor educativa gira en torno a nuestro objetivo principal de conseguir que nuestros alumnos se expresen con naturalidad y soltura en el idioma estudiado.<\/p>\t\t\t\t\t\t\t\t<\/div>\n\t\t\t\t<\/div>\n\t\t\t\t\t<\/div>\n\t\t<\/div>\n\t\t\t\t\t<\/div>\n\t\t<\/section>\n\t\t\t\t<section class=\"elementor-section elementor-top-section elementor-element elementor-element-efdc3de elementor-section-boxed elementor-section-height-default elementor-section-height-default\" data-id=\"efdc3de\" data-element_type=\"section\" data-e-type=\"section\" id=\"adultos\">\n\t\t\t\t\t\t<div class=\"elementor-container elementor-column-gap-default\">\n\t\t\t\t\t<div class=\"elementor-column elementor-col-100 elementor-top-column elementor-element elementor-element-d81c61c\" data-id=\"d81c61c\" data-element_type=\"column\" data-e-type=\"column\">\n\t\t\t<div class=\"elementor-widget-wrap elementor-element-populated\">\n\t\t\t\t\t\t<div class=\"elementor-element elementor-element-446d6ee elementor-widget elementor-widget-heading\" data-id=\"446d6ee\" data-element_type=\"widget\" data-e-type=\"widget\" data-widget_type=\"heading.default\">\n\t\t\t\t<div class=\"elementor-widget-container\">\n\t\t\t\t\t<h5 class=\"elementor-heading-title elementor-size-default\">ADULTOS<\/h5>\t\t\t\t<\/div>\n\t\t\t\t<\/div>\n\t\t\t\t<div class=\"elementor-element elementor-element-1dff850 elementor-widget elementor-widget-text-editor\" data-id=\"1dff850\" data-element_type=\"widget\" data-e-type=\"widget\" data-widget_type=\"text-editor.default\">\n\t\t\t\t<div class=\"elementor-widget-container\">\n\t\t\t\t\t\t\t\t\t<p>Adem\u00e1s de ofrecer a los adultos grupos en el centro por niveles, tambi\u00e9n ofrecemos la posibilidad de clases particulares y semi-particulares en las que el alumno marca sus prioridades y objetivos concretos. Aunque ingl\u00e9s y franc\u00e9s son los m\u00e1s demandados, tambi\u00e9n ofrecemos formaci\u00f3n en alem\u00e1n y otros idiomas.<\/p>\t\t\t\t\t\t\t\t<\/div>\n\t\t\t\t<\/div>\n\t\t\t\t\t<\/div>\n\t\t<\/div>\n\t\t\t\t\t<\/div>\n\t\t<\/section>\n\t\t\t\t<section class=\"elementor-section elementor-top-section elementor-element elementor-element-2458dee elementor-section-boxed elementor-section-height-default elementor-section-height-default\" data-id=\"2458dee\" data-element_type=\"section\" data-e-type=\"section\" id=\"examenes\">\n\t\t\t\t\t\t\t<div class=\"elementor-background-overlay\"><\/div>\n\t\t\t\t\t\t\t<div class=\"elementor-container elementor-column-gap-default\">\n\t\t\t\t\t<div class=\"elementor-column elementor-col-100 elementor-top-column elementor-element elementor-element-f2c999f\" data-id=\"f2c999f\" data-element_type=\"column\" data-e-type=\"column\">\n\t\t\t<div class=\"elementor-widget-wrap elementor-element-populated\">\n\t\t\t\t\t\t<div class=\"elementor-element elementor-element-3f07c9d elementor-widget elementor-widget-heading\" data-id=\"3f07c9d\" data-element_type=\"widget\" data-e-type=\"widget\" data-widget_type=\"heading.default\">\n\t\t\t\t<div class=\"elementor-widget-container\">\n\t\t\t\t\t<h5 class=\"elementor-heading-title elementor-size-default\">EX\u00c1MENES<\/h5>\t\t\t\t<\/div>\n\t\t\t\t<\/div>\n\t\t\t\t<div class=\"elementor-element elementor-element-73b1317 elementor-widget elementor-widget-text-editor\" data-id=\"73b1317\" data-element_type=\"widget\" data-e-type=\"widget\" data-widget_type=\"text-editor.default\">\n\t\t\t\t<div class=\"elementor-widget-container\">\n\t\t\t\t\t\t\t\t\t<p>Como Centro de Preparaci\u00f3n para Ex\u00e1menes Oficiales de Cambridge, tambi\u00e9n ofertamos clases cuyo objetivo concreto es la presentaci\u00f3n a los ex\u00e1menes KET, PET, First Certificate, Advanced y Proficiency, adem\u00e1s de los ex\u00e1menes por niveles recogidos en el Marco Com\u00fan Europeo de Referencia para las Lenguas a los que se pueden presentar nuestros alumnos a trav\u00e9s de los ex\u00e1menes libres de las Escuelas Oficiales de Idiomas.<\/p><p>\u00a0<\/p><p>\u00a0<\/p>\t\t\t\t\t\t\t\t<\/div>\n\t\t\t\t<\/div>\n\t\t\t\t\t<\/div>\n\t\t<\/div>\n\t\t\t\t\t<\/div>\n\t\t<\/section>\n\t\t\t\t<section class=\"elementor-section elementor-top-section elementor-element elementor-element-cf710d2 elementor-section-boxed elementor-section-height-default elementor-section-height-default\" data-id=\"cf710d2\" data-element_type=\"section\" data-e-type=\"section\" id=\"empresas\">\n\t\t\t\t\t\t<div class=\"elementor-container elementor-column-gap-default\">\n\t\t\t\t\t<div class=\"elementor-column elementor-col-100 elementor-top-column elementor-element elementor-element-0f5d957\" data-id=\"0f5d957\" data-element_type=\"column\" data-e-type=\"column\">\n\t\t\t<div class=\"elementor-widget-wrap elementor-element-populated\">\n\t\t\t\t\t\t<div class=\"elementor-element elementor-element-d0c5102 elementor-widget elementor-widget-heading\" data-id=\"d0c5102\" data-element_type=\"widget\" data-e-type=\"widget\" data-widget_type=\"heading.default\">\n\t\t\t\t<div class=\"elementor-widget-container\">\n\t\t\t\t\t<h5 class=\"elementor-heading-title elementor-size-default\">EMPRESAS<\/h5>\t\t\t\t<\/div>\n\t\t\t\t<\/div>\n\t\t\t\t<div class=\"elementor-element elementor-element-53d4991 elementor-widget elementor-widget-text-editor\" data-id=\"53d4991\" data-element_type=\"widget\" data-e-type=\"widget\" data-widget_type=\"text-editor.default\">\n\t\t\t\t<div class=\"elementor-widget-container\">\n\t\t\t\t\t\t\t\t\t<p>Ofrecemos la impartici\u00f3n de nuestras clases de idiomas en las instalaciones de las empresas y en los horarios que se adapten a sus necesidades. Ponemos a disposici\u00f3n del alumno todos los recursos que podr\u00eda encontrar en el centro sin tener que desplazarse.<\/p><p>Trabajamos estrechamente con los departamentos de Recursos Humanos para poder adaptar la formaci\u00f3n que ofrecemos a las necesidades profesionales reales de los empleados de las empresas. Aunque ingl\u00e9s y franc\u00e9s son los m\u00e1s demandados, tambi\u00e9n ofrecemos formaci\u00f3n en alem\u00e1n y otros idiomas.<\/p><p>\u00a0<\/p>\t\t\t\t\t\t\t\t<\/div>\n\t\t\t\t<\/div>\n\t\t\t\t\t<\/div>\n\t\t<\/div>\n\t\t\t\t\t<\/div>\n\t\t<\/section>\n\t\t\t\t<section class=\"elementor-section elementor-top-section elementor-element elementor-element-c2690da elementor-section-boxed elementor-section-height-default elementor-section-height-default\" data-id=\"c2690da\" data-element_type=\"section\" data-e-type=\"section\">\n\t\t\t\t\t\t<div class=\"elementor-container elementor-column-gap-default\">\n\t\t\t\t\t<div class=\"elementor-column elementor-col-100 elementor-top-column elementor-element elementor-element-5d171af\" data-id=\"5d171af\" data-element_type=\"column\" data-e-type=\"column\">\n\t\t\t<div class=\"elementor-widget-wrap elementor-element-populated\">\n\t\t\t\t\t\t<div class=\"elementor-element elementor-element-ba7489e elementor-widget elementor-widget-spacer\" data-id=\"ba7489e\" data-element_type=\"widget\" data-e-type=\"widget\" data-widget_type=\"spacer.default\">\n\t\t\t\t<div class=\"elementor-widget-container\">\n\t\t\t\t\t\t\t<div class=\"elementor-spacer\">\n\t\t\t<div class=\"elementor-spacer-inner\"><\/div>\n\t\t<\/div>\n\t\t\t\t\t\t<\/div>\n\t\t\t\t<\/div>\n\t\t\t\t\t<\/div>\n\t\t<\/div>\n\t\t\t\t\t<\/div>\n\t\t<\/section>\n\t\t\t\t<\/div>\n\t\t","protected":false},"excerpt":{"rendered":"<p>NUESTROS CURSOS NI\u00d1OS ADULTOS EX\u00c1MENES EMPRESA NI\u00d1OS Para grupos de ni\u00f1os de 3 a\u00f1os (1\u00ba Infantil) hasta 2\u00ba Bachiller, ofrecemos un apoyo y una ampliaci\u00f3n de la oferta de ense\u00f1anza en idiomas que los escolares reciben en sus Centros Educativos. Seguimos muy de cerca los contenidos impartidos en los colegios e institutos de nuestros alumnos [&hellip;]<\/p>\n","protected":false},"author":2,"featured_media":0,"parent":0,"menu_order":0,"comment_status":"closed","ping_status":"closed","template":"elementor_canvas","meta":{"footnotes":""},"class_list":["post-2811","page","type-page","status-publish","hentry"],"yoast_head":"<!-- This site is optimized with the Yoast SEO plugin v27.5 - https:\/\/yoast.com\/product\/yoast-seo-wordpress\/ -->\n<title>CURSOS<\/title>\n<meta name=\"robots\" content=\"index, follow, max-snippet:-1, max-image-preview:large, max-video-preview:-1\" \/>\n<link rel=\"canonical\" href=\"https:\/\/cfl-idiomas.com\/?page_id=2811\" \/>\n<meta name=\"twitter:label1\" content=\"Tiempo de lectura\" \/>\n\t<meta name=\"twitter:data1\" content=\"2 minutos\" \/>\n<script type=\"application\/ld+json\" class=\"yoast-schema-graph\">{\"@context\":\"https:\\\/\\\/schema.org\",\"@graph\":[{\"@type\":\"WebPage\",\"@id\":\"https:\\\/\\\/cfl-idiomas.com\\\/?page_id=2811\",\"url\":\"https:\\\/\\\/cfl-idiomas.com\\\/?page_id=2811\",\"name\":\"CURSOS\",\"isPartOf\":{\"@id\":\"https:\\\/\\\/cfl-idiomas.com\\\/#website\"},\"datePublished\":\"2021-12-10T10:58:05+00:00\",\"dateModified\":\"2021-12-10T12:30:09+00:00\",\"breadcrumb\":{\"@id\":\"https:\\\/\\\/cfl-idiomas.com\\\/?page_id=2811#breadcrumb\"},\"inLanguage\":\"es\",\"potentialAction\":[{\"@type\":\"ReadAction\",\"target\":[\"https:\\\/\\\/cfl-idiomas.com\\\/?page_id=2811\"]}]},{\"@type\":\"BreadcrumbList\",\"@id\":\"https:\\\/\\\/cfl-idiomas.com\\\/?page_id=2811#breadcrumb\",\"itemListElement\":[{\"@type\":\"ListItem\",\"position\":1,\"name\":\"Inicio\",\"item\":\"https:\\\/\\\/cfl-idiomas.com\\\/\"},{\"@type\":\"ListItem\",\"position\":2,\"name\":\"CURSOS\"}]},{\"@type\":\"WebSite\",\"@id\":\"https:\\\/\\\/cfl-idiomas.com\\\/#website\",\"url\":\"https:\\\/\\\/cfl-idiomas.com\\\/\",\"name\":\"CFL Idiomas\",\"description\":\"Colegio de Formaci\u00f3n Ling\u00fc\u00edstica\",\"publisher\":{\"@id\":\"https:\\\/\\\/cfl-idiomas.com\\\/#organization\"},\"potentialAction\":[{\"@type\":\"SearchAction\",\"target\":{\"@type\":\"EntryPoint\",\"urlTemplate\":\"https:\\\/\\\/cfl-idiomas.com\\\/?s={search_term_string}\"},\"query-input\":{\"@type\":\"PropertyValueSpecification\",\"valueRequired\":true,\"valueName\":\"search_term_string\"}}],\"inLanguage\":\"es\"},{\"@type\":\"Organization\",\"@id\":\"https:\\\/\\\/cfl-idiomas.com\\\/#organization\",\"name\":\"Colegio Formaci\u00f3n Ling\u00fc\u00edstica\",\"url\":\"https:\\\/\\\/cfl-idiomas.com\\\/\",\"logo\":{\"@type\":\"ImageObject\",\"inLanguage\":\"es\",\"@id\":\"https:\\\/\\\/cfl-idiomas.com\\\/#\\\/schema\\\/logo\\\/image\\\/\",\"url\":\"https:\\\/\\\/cfl-idiomas.com\\\/wp-content\\\/uploads\\\/2021\\\/05\\\/cropped-CFL-Logo.jpg\",\"contentUrl\":\"https:\\\/\\\/cfl-idiomas.com\\\/wp-content\\\/uploads\\\/2021\\\/05\\\/cropped-CFL-Logo.jpg\",\"width\":319,\"height\":151,\"caption\":\"Colegio Formaci\u00f3n Ling\u00fc\u00edstica\"},\"image\":{\"@id\":\"https:\\\/\\\/cfl-idiomas.com\\\/#\\\/schema\\\/logo\\\/image\\\/\"}}]}<\/script>\n<!-- \/ Yoast SEO plugin. -->","yoast_head_json":{"title":"CURSOS","robots":{"index":"index","follow":"follow","max-snippet":"max-snippet:-1","max-image-preview":"max-image-preview:large","max-video-preview":"max-video-preview:-1"},"canonical":"https:\/\/cfl-idiomas.com\/?page_id=2811","twitter_misc":{"Tiempo de lectura":"2 minutos"},"schema":{"@context":"https:\/\/schema.org","@graph":[{"@type":"WebPage","@id":"https:\/\/cfl-idiomas.com\/?page_id=2811","url":"https:\/\/cfl-idiomas.com\/?page_id=2811","name":"CURSOS","isPartOf":{"@id":"https:\/\/cfl-idiomas.com\/#website"},"datePublished":"2021-12-10T10:58:05+00:00","dateModified":"2021-12-10T12:30:09+00:00","breadcrumb":{"@id":"https:\/\/cfl-idiomas.com\/?page_id=2811#breadcrumb"},"inLanguage":"es","potentialAction":[{"@type":"ReadAction","target":["https:\/\/cfl-idiomas.com\/?page_id=2811"]}]},{"@type":"BreadcrumbList","@id":"https:\/\/cfl-idiomas.com\/?page_id=2811#breadcrumb","itemListElement":[{"@type":"ListItem","position":1,"name":"Inicio","item":"https:\/\/cfl-idiomas.com\/"},{"@type":"ListItem","position":2,"name":"CURSOS"}]},{"@type":"WebSite","@id":"https:\/\/cfl-idiomas.com\/#website","url":"https:\/\/cfl-idiomas.com\/","name":"CFL Idiomas","description":"Colegio de Formaci\u00f3n Ling\u00fc\u00edstica","publisher":{"@id":"https:\/\/cfl-idiomas.com\/#organization"},"potentialAction":[{"@type":"SearchAction","target":{"@type":"EntryPoint","urlTemplate":"https:\/\/cfl-idiomas.com\/?s={search_term_string}"},"query-input":{"@type":"PropertyValueSpecification","valueRequired":true,"valueName":"search_term_string"}}],"inLanguage":"es"},{"@type":"Organization","@id":"https:\/\/cfl-idiomas.com\/#organization","name":"Colegio Formaci\u00f3n Ling\u00fc\u00edstica","url":"https:\/\/cfl-idiomas.com\/","logo":{"@type":"ImageObject","inLanguage":"es","@id":"https:\/\/cfl-idiomas.com\/#\/schema\/logo\/image\/","url":"https:\/\/cfl-idiomas.com\/wp-content\/uploads\/2021\/05\/cropped-CFL-Logo.jpg","contentUrl":"https:\/\/cfl-idiomas.com\/wp-content\/uploads\/2021\/05\/cropped-CFL-Logo.jpg","width":319,"height":151,"caption":"Colegio Formaci\u00f3n Ling\u00fc\u00edstica"},"image":{"@id":"https:\/\/cfl-idiomas.com\/#\/schema\/logo\/image\/"}}]}},"_links":{"self":[{"href":"https:\/\/cfl-idiomas.com\/index.php?rest_route=\/wp\/v2\/pages\/2811","targetHints":{"allow":["GET"]}}],"collection":[{"href":"https:\/\/cfl-idiomas.com\/index.php?rest_route=\/wp\/v2\/pages"}],"about":[{"href":"https:\/\/cfl-idiomas.com\/index.php?rest_route=\/wp\/v2\/types\/page"}],"author":[{"embeddable":true,"href":"https:\/\/cfl-idiomas.com\/index.php?rest_route=\/wp\/v2\/users\/2"}],"replies":[{"embeddable":true,"href":"https:\/\/cfl-idiomas.com\/index.php?rest_route=%2Fwp%2Fv2%2Fcomments&post=2811"}],"version-history":[{"count":158,"href":"https:\/\/cfl-idiomas.com\/index.php?rest_route=\/wp\/v2\/pages\/2811\/revisions"}],"predecessor-version":[{"id":2978,"href":"https:\/\/cfl-idiomas.com\/index.php?rest_route=\/wp\/v2\/pages\/2811\/revisions\/2978"}],"wp:attachment":[{"href":"https:\/\/cfl-idiomas.com\/index.php?rest_route=%2Fwp%2Fv2%2Fmedia&parent=2811"}],"curies":[{"name":"wp","href":"https:\/\/api.w.org\/{rel}","templated":true}]}}