{"id":975,"date":"2021-10-27T16:23:12","date_gmt":"2021-10-27T16:23:12","guid":{"rendered":"http:\/\/devweb.cfl-idiomas.com\/?page_id=975"},"modified":"2022-03-01T18:00:45","modified_gmt":"2022-03-01T17:00:45","slug":"sobre-nosotros","status":"publish","type":"page","link":"https:\/\/cfl-idiomas.com\/?page_id=975","title":{"rendered":"Sobre Nosotros"},"content":{"rendered":"\t\t<div data-elementor-type=\"wp-page\" data-elementor-id=\"975\" class=\"elementor elementor-975\">\n\t\t\t\t\t\t<section class=\"elementor-section elementor-top-section elementor-element elementor-element-42816b73 elementor-section-boxed elementor-section-height-default elementor-section-height-default\" data-id=\"42816b73\" data-element_type=\"section\" data-e-type=\"section\" data-settings=\"{&quot;background_background&quot;:&quot;classic&quot;,&quot;shape_divider_bottom&quot;:&quot;curve&quot;,&quot;shape_divider_bottom_negative&quot;:&quot;yes&quot;}\">\n\t\t\t\t\t\t\t<div class=\"elementor-background-overlay\"><\/div>\n\t\t\t\t\t\t<div class=\"elementor-shape elementor-shape-bottom\" aria-hidden=\"true\" data-negative=\"true\">\n\t\t\t<svg xmlns=\"http:\/\/www.w3.org\/2000\/svg\" viewBox=\"0 0 1000 100\" preserveAspectRatio=\"none\">\n\t<path class=\"elementor-shape-fill\" d=\"M500,97C126.7,96.3,0.8,19.8,0,0v100l1000,0V1C1000,19.4,873.3,97.8,500,97z\"\/>\n<\/svg>\t\t<\/div>\n\t\t\t\t\t<div class=\"elementor-container elementor-column-gap-default\">\n\t\t\t\t\t<div class=\"elementor-column elementor-col-100 elementor-top-column elementor-element elementor-element-74cae13c\" data-id=\"74cae13c\" data-element_type=\"column\" data-e-type=\"column\">\n\t\t\t<div class=\"elementor-widget-wrap elementor-element-populated\">\n\t\t\t\t\t\t<div class=\"elementor-element elementor-element-32135e69 elementor-invisible elementor-widget elementor-widget-heading\" data-id=\"32135e69\" data-element_type=\"widget\" data-e-type=\"widget\" data-settings=\"{&quot;_animation&quot;:&quot;fadeInDown&quot;}\" data-widget_type=\"heading.default\">\n\t\t\t\t<div class=\"elementor-widget-container\">\n\t\t\t\t\t<h2 class=\"elementor-heading-title elementor-size-default\">SOBRE NOSOTROS<\/h2>\t\t\t\t<\/div>\n\t\t\t\t<\/div>\n\t\t\t\t<div class=\"elementor-element elementor-element-1a29a0a2 elementor-widget-divider--view-line elementor-widget elementor-widget-divider\" data-id=\"1a29a0a2\" data-element_type=\"widget\" data-e-type=\"widget\" data-widget_type=\"divider.default\">\n\t\t\t\t<div class=\"elementor-widget-container\">\n\t\t\t\t\t\t\t<div class=\"elementor-divider\">\n\t\t\t<span class=\"elementor-divider-separator\">\n\t\t\t\t\t\t<\/span>\n\t\t<\/div>\n\t\t\t\t\t\t<\/div>\n\t\t\t\t<\/div>\n\t\t\t\t<div class=\"elementor-element elementor-element-a6b1e36 elementor-widget elementor-widget-text-editor\" data-id=\"a6b1e36\" data-element_type=\"widget\" data-e-type=\"widget\" data-widget_type=\"text-editor.default\">\n\t\t\t\t<div class=\"elementor-widget-container\">\n\t\t\t\t\t\t\t\t\t<p>Iniciamos nuestra andadura en el <strong>maravilloso mundo de la ense\u00f1anza de la lengua inglesa<\/strong> por vocaci\u00f3n hace ya casi 20 a\u00f1os y a d\u00eda de hoy todav\u00eda no hemos perdido la ilusi\u00f3n por seguir ense\u00f1ando y ayudando a nuestro alumnado a lo largo del recorrido del aprendizaje del idioma.<\/p>\n<p>La mayor satisfacci\u00f3n que podemos tener es encontrarnos con nuestros alumnos en su entorno laboral y escucharles decir: \u00abgracias a vosotros me encuentro hoy aqu\u00ed\u00bb.<\/p>\n<p>Por esa raz\u00f3n, <strong>no vamos a parar ni un minuto y vamos a seguir adelante con la misma&nbsp; ilusi\u00f3n<\/strong> <strong>para seguir siendo el veh\u00edculo que les ayude a conseguir sus objetivos laborales y personales<\/strong>.<\/p>\n<p>Podemos presumir de haber participado en el crecimiento y maduraci\u00f3n de: m\u00e9dicos, enfermeras, ingenieros, y un largo etc&#8230; de profesionales, de los cuales nos sentimos muy orgullosos.<\/p>\n<p>Es un lujo poder dedicarse a una profesi\u00f3n por la cual se siente tanta pasi\u00f3n y adem\u00e1s tener la suerte de disfrutar de los logros de nuestro alumnado.<\/p>\t\t\t\t\t\t\t\t<\/div>\n\t\t\t\t<\/div>\n\t\t\t\t\t<\/div>\n\t\t<\/div>\n\t\t\t\t\t<\/div>\n\t\t<\/section>\n\t\t\t\t<section class=\"elementor-section elementor-top-section elementor-element elementor-element-42222060 elementor-section-boxed elementor-section-height-default elementor-section-height-default\" data-id=\"42222060\" data-element_type=\"section\" data-e-type=\"section\" data-settings=\"{&quot;background_background&quot;:&quot;classic&quot;}\">\n\t\t\t\t\t\t<div class=\"elementor-container elementor-column-gap-wide\">\n\t\t\t\t\t<div class=\"elementor-column elementor-col-100 elementor-top-column elementor-element elementor-element-d9e5b3\" data-id=\"d9e5b3\" data-element_type=\"column\" data-e-type=\"column\">\n\t\t\t<div class=\"elementor-widget-wrap elementor-element-populated\">\n\t\t\t\t\t\t<div class=\"elementor-element elementor-element-3c233571 elementor-invisible elementor-widget elementor-widget-heading\" data-id=\"3c233571\" data-element_type=\"widget\" data-e-type=\"widget\" data-settings=\"{&quot;_animation&quot;:&quot;fadeInDown&quot;}\" data-widget_type=\"heading.default\">\n\t\t\t\t<div class=\"elementor-widget-container\">\n\t\t\t\t\t<h3 class=\"elementor-heading-title elementor-size-default\">nuestra historia<\/h3>\t\t\t\t<\/div>\n\t\t\t\t<\/div>\n\t\t\t\t<div class=\"elementor-element elementor-element-2ffb630a elementor-view-default elementor-widget elementor-widget-icon\" data-id=\"2ffb630a\" data-element_type=\"widget\" data-e-type=\"widget\" data-widget_type=\"icon.default\">\n\t\t\t\t<div class=\"elementor-widget-container\">\n\t\t\t\t\t\t\t<div class=\"elementor-icon-wrapper\">\n\t\t\t<div class=\"elementor-icon\">\n\t\t\t<i aria-hidden=\"true\" class=\"fas fa-heart\"><\/i>\t\t\t<\/div>\n\t\t<\/div>\n\t\t\t\t\t\t<\/div>\n\t\t\t\t<\/div>\n\t\t\t\t<section class=\"elementor-section elementor-inner-section elementor-element elementor-element-17f113ce elementor-section-boxed elementor-section-height-default elementor-section-height-default\" data-id=\"17f113ce\" data-element_type=\"section\" data-e-type=\"section\">\n\t\t\t\t\t\t<div class=\"elementor-container elementor-column-gap-default\">\n\t\t\t\t\t<div class=\"elementor-column elementor-col-50 elementor-inner-column elementor-element elementor-element-36b3e46c\" data-id=\"36b3e46c\" data-element_type=\"column\" data-e-type=\"column\">\n\t\t\t<div class=\"elementor-widget-wrap elementor-element-populated\">\n\t\t\t\t\t\t<div class=\"elementor-element elementor-element-1b05f2a9 elementor-widget elementor-widget-text-editor\" data-id=\"1b05f2a9\" data-element_type=\"widget\" data-e-type=\"widget\" data-widget_type=\"text-editor.default\">\n\t\t\t\t<div class=\"elementor-widget-container\">\n\t\t\t\t\t\t\t\t\t<ul class=\"sc-list style4 line\"><li style=\"text-align: left;\">Septiembre 2002- se abre el primer centro en C\/Santa Cruz, 15, Zizur Mayor con cinco aulas.<\/li><li>Septiembre 2009-seguimos creciendo y ampliamos nuestro centro, a\u00f1adiendo despachos y cuatro aulas m\u00e1s.<\/li><li>Octubre 2011-abrimos un nuevo centro en C\/Santa Cruz, 49, Zizur Mayor con seis aulas y despachos, pudiendo as\u00ed ampliar nuestra oferta y satisfacer la demanda de nuestros servicios en los centros.<\/li><\/ul>\t\t\t\t\t\t\t\t<\/div>\n\t\t\t\t<\/div>\n\t\t\t\t\t<\/div>\n\t\t<\/div>\n\t\t\t\t<div class=\"elementor-column elementor-col-50 elementor-inner-column elementor-element elementor-element-8bffe9e\" data-id=\"8bffe9e\" data-element_type=\"column\" data-e-type=\"column\">\n\t\t\t<div class=\"elementor-widget-wrap elementor-element-populated\">\n\t\t\t\t\t\t<div class=\"elementor-element elementor-element-a543ade elementor-widget elementor-widget-text-editor\" data-id=\"a543ade\" data-element_type=\"widget\" data-e-type=\"widget\" data-widget_type=\"text-editor.default\">\n\t\t\t\t<div class=\"elementor-widget-container\">\n\t\t\t\t\t\t\t\t\t<p style=\"text-align: left;\">Durante todo este tiempo, adem\u00e1s de poder atender a m\u00e1s alumnos en nuestros centros, cada curso aumenta nuestra oferta de formaci\u00f3n ling\u00fc\u00edstica en empresas. Cuando comenzamos nuestra actividad, los clientes de empresa supon\u00edan el 2% de nuestra facturaci\u00f3n. En la actualidad, el 50% de nuestros alumnos reciben formaci\u00f3n en idiomas en sus propias empresas, siendo este servicio de los m\u00e1s demandados.<\/p>\t\t\t\t\t\t\t\t<\/div>\n\t\t\t\t<\/div>\n\t\t\t\t\t<\/div>\n\t\t<\/div>\n\t\t\t\t\t<\/div>\n\t\t<\/section>\n\t\t\t\t\t<\/div>\n\t\t<\/div>\n\t\t\t\t\t<\/div>\n\t\t<\/section>\n\t\t\t\t<section class=\"elementor-section elementor-top-section elementor-element elementor-element-9f26ec2 elementor-section-boxed elementor-section-height-default elementor-section-height-default\" data-id=\"9f26ec2\" data-element_type=\"section\" data-e-type=\"section\">\n\t\t\t\t\t\t<div class=\"elementor-container elementor-column-gap-default\">\n\t\t\t\t\t<div class=\"elementor-column elementor-col-100 elementor-top-column elementor-element elementor-element-49eba25\" data-id=\"49eba25\" data-element_type=\"column\" data-e-type=\"column\">\n\t\t\t<div class=\"elementor-widget-wrap elementor-element-populated\">\n\t\t\t\t\t\t<div class=\"elementor-element elementor-element-4bd2089 elementor-widget elementor-widget-spacer\" data-id=\"4bd2089\" data-element_type=\"widget\" data-e-type=\"widget\" data-widget_type=\"spacer.default\">\n\t\t\t\t<div class=\"elementor-widget-container\">\n\t\t\t\t\t\t\t<div class=\"elementor-spacer\">\n\t\t\t<div class=\"elementor-spacer-inner\"><\/div>\n\t\t<\/div>\n\t\t\t\t\t\t<\/div>\n\t\t\t\t<\/div>\n\t\t\t\t\t<\/div>\n\t\t<\/div>\n\t\t\t\t\t<\/div>\n\t\t<\/section>\n\t\t\t\t<\/div>\n\t\t","protected":false},"excerpt":{"rendered":"<p>SOBRE NOSOTROS Iniciamos nuestra andadura en el maravilloso mundo de la ense\u00f1anza de la lengua inglesa por vocaci\u00f3n hace ya casi 20 a\u00f1os y a d\u00eda de hoy todav\u00eda no hemos perdido la ilusi\u00f3n por seguir ense\u00f1ando y ayudando a nuestro alumnado a lo largo del recorrido del aprendizaje del idioma. La mayor satisfacci\u00f3n que [&hellip;]<\/p>\n","protected":false},"author":2,"featured_media":0,"parent":0,"menu_order":0,"comment_status":"closed","ping_status":"closed","template":"elementor_canvas","meta":{"footnotes":""},"class_list":["post-975","page","type-page","status-publish","hentry"],"yoast_head":"<!-- This site is optimized with the Yoast SEO plugin v27.4 - https:\/\/yoast.com\/product\/yoast-seo-wordpress\/ -->\n<title>Sobre Nosotros<\/title>\n<meta name=\"robots\" content=\"index, follow, max-snippet:-1, max-image-preview:large, max-video-preview:-1\" \/>\n<link rel=\"canonical\" href=\"https:\/\/cfl-idiomas.com\/?page_id=975\" \/>\n<meta name=\"twitter:label1\" content=\"Tiempo de lectura\" \/>\n\t<meta name=\"twitter:data1\" content=\"2 minutos\" \/>\n<script type=\"application\/ld+json\" class=\"yoast-schema-graph\">{\"@context\":\"https:\\\/\\\/schema.org\",\"@graph\":[{\"@type\":\"WebPage\",\"@id\":\"https:\\\/\\\/cfl-idiomas.com\\\/?page_id=975\",\"url\":\"https:\\\/\\\/cfl-idiomas.com\\\/?page_id=975\",\"name\":\"Sobre Nosotros\",\"isPartOf\":{\"@id\":\"https:\\\/\\\/cfl-idiomas.com\\\/#website\"},\"datePublished\":\"2021-10-27T16:23:12+00:00\",\"dateModified\":\"2022-03-01T17:00:45+00:00\",\"breadcrumb\":{\"@id\":\"https:\\\/\\\/cfl-idiomas.com\\\/?page_id=975#breadcrumb\"},\"inLanguage\":\"es\",\"potentialAction\":[{\"@type\":\"ReadAction\",\"target\":[\"https:\\\/\\\/cfl-idiomas.com\\\/?page_id=975\"]}]},{\"@type\":\"BreadcrumbList\",\"@id\":\"https:\\\/\\\/cfl-idiomas.com\\\/?page_id=975#breadcrumb\",\"itemListElement\":[{\"@type\":\"ListItem\",\"position\":1,\"name\":\"Inicio\",\"item\":\"https:\\\/\\\/cfl-idiomas.com\\\/\"},{\"@type\":\"ListItem\",\"position\":2,\"name\":\"Sobre Nosotros\"}]},{\"@type\":\"WebSite\",\"@id\":\"https:\\\/\\\/cfl-idiomas.com\\\/#website\",\"url\":\"https:\\\/\\\/cfl-idiomas.com\\\/\",\"name\":\"CFL Idiomas\",\"description\":\"Colegio de Formaci\u00f3n Ling\u00fc\u00edstica\",\"publisher\":{\"@id\":\"https:\\\/\\\/cfl-idiomas.com\\\/#organization\"},\"potentialAction\":[{\"@type\":\"SearchAction\",\"target\":{\"@type\":\"EntryPoint\",\"urlTemplate\":\"https:\\\/\\\/cfl-idiomas.com\\\/?s={search_term_string}\"},\"query-input\":{\"@type\":\"PropertyValueSpecification\",\"valueRequired\":true,\"valueName\":\"search_term_string\"}}],\"inLanguage\":\"es\"},{\"@type\":\"Organization\",\"@id\":\"https:\\\/\\\/cfl-idiomas.com\\\/#organization\",\"name\":\"Colegio Formaci\u00f3n Ling\u00fc\u00edstica\",\"url\":\"https:\\\/\\\/cfl-idiomas.com\\\/\",\"logo\":{\"@type\":\"ImageObject\",\"inLanguage\":\"es\",\"@id\":\"https:\\\/\\\/cfl-idiomas.com\\\/#\\\/schema\\\/logo\\\/image\\\/\",\"url\":\"https:\\\/\\\/cfl-idiomas.com\\\/wp-content\\\/uploads\\\/2021\\\/05\\\/cropped-CFL-Logo.jpg\",\"contentUrl\":\"https:\\\/\\\/cfl-idiomas.com\\\/wp-content\\\/uploads\\\/2021\\\/05\\\/cropped-CFL-Logo.jpg\",\"width\":319,\"height\":151,\"caption\":\"Colegio Formaci\u00f3n Ling\u00fc\u00edstica\"},\"image\":{\"@id\":\"https:\\\/\\\/cfl-idiomas.com\\\/#\\\/schema\\\/logo\\\/image\\\/\"}}]}<\/script>\n<!-- \/ Yoast SEO plugin. -->","yoast_head_json":{"title":"Sobre Nosotros","robots":{"index":"index","follow":"follow","max-snippet":"max-snippet:-1","max-image-preview":"max-image-preview:large","max-video-preview":"max-video-preview:-1"},"canonical":"https:\/\/cfl-idiomas.com\/?page_id=975","twitter_misc":{"Tiempo de lectura":"2 minutos"},"schema":{"@context":"https:\/\/schema.org","@graph":[{"@type":"WebPage","@id":"https:\/\/cfl-idiomas.com\/?page_id=975","url":"https:\/\/cfl-idiomas.com\/?page_id=975","name":"Sobre Nosotros","isPartOf":{"@id":"https:\/\/cfl-idiomas.com\/#website"},"datePublished":"2021-10-27T16:23:12+00:00","dateModified":"2022-03-01T17:00:45+00:00","breadcrumb":{"@id":"https:\/\/cfl-idiomas.com\/?page_id=975#breadcrumb"},"inLanguage":"es","potentialAction":[{"@type":"ReadAction","target":["https:\/\/cfl-idiomas.com\/?page_id=975"]}]},{"@type":"BreadcrumbList","@id":"https:\/\/cfl-idiomas.com\/?page_id=975#breadcrumb","itemListElement":[{"@type":"ListItem","position":1,"name":"Inicio","item":"https:\/\/cfl-idiomas.com\/"},{"@type":"ListItem","position":2,"name":"Sobre Nosotros"}]},{"@type":"WebSite","@id":"https:\/\/cfl-idiomas.com\/#website","url":"https:\/\/cfl-idiomas.com\/","name":"CFL Idiomas","description":"Colegio de Formaci\u00f3n Ling\u00fc\u00edstica","publisher":{"@id":"https:\/\/cfl-idiomas.com\/#organization"},"potentialAction":[{"@type":"SearchAction","target":{"@type":"EntryPoint","urlTemplate":"https:\/\/cfl-idiomas.com\/?s={search_term_string}"},"query-input":{"@type":"PropertyValueSpecification","valueRequired":true,"valueName":"search_term_string"}}],"inLanguage":"es"},{"@type":"Organization","@id":"https:\/\/cfl-idiomas.com\/#organization","name":"Colegio Formaci\u00f3n Ling\u00fc\u00edstica","url":"https:\/\/cfl-idiomas.com\/","logo":{"@type":"ImageObject","inLanguage":"es","@id":"https:\/\/cfl-idiomas.com\/#\/schema\/logo\/image\/","url":"https:\/\/cfl-idiomas.com\/wp-content\/uploads\/2021\/05\/cropped-CFL-Logo.jpg","contentUrl":"https:\/\/cfl-idiomas.com\/wp-content\/uploads\/2021\/05\/cropped-CFL-Logo.jpg","width":319,"height":151,"caption":"Colegio Formaci\u00f3n Ling\u00fc\u00edstica"},"image":{"@id":"https:\/\/cfl-idiomas.com\/#\/schema\/logo\/image\/"}}]}},"_links":{"self":[{"href":"https:\/\/cfl-idiomas.com\/index.php?rest_route=\/wp\/v2\/pages\/975","targetHints":{"allow":["GET"]}}],"collection":[{"href":"https:\/\/cfl-idiomas.com\/index.php?rest_route=\/wp\/v2\/pages"}],"about":[{"href":"https:\/\/cfl-idiomas.com\/index.php?rest_route=\/wp\/v2\/types\/page"}],"author":[{"embeddable":true,"href":"https:\/\/cfl-idiomas.com\/index.php?rest_route=\/wp\/v2\/users\/2"}],"replies":[{"embeddable":true,"href":"https:\/\/cfl-idiomas.com\/index.php?rest_route=%2Fwp%2Fv2%2Fcomments&post=975"}],"version-history":[{"count":179,"href":"https:\/\/cfl-idiomas.com\/index.php?rest_route=\/wp\/v2\/pages\/975\/revisions"}],"predecessor-version":[{"id":3251,"href":"https:\/\/cfl-idiomas.com\/index.php?rest_route=\/wp\/v2\/pages\/975\/revisions\/3251"}],"wp:attachment":[{"href":"https:\/\/cfl-idiomas.com\/index.php?rest_route=%2Fwp%2Fv2%2Fmedia&parent=975"}],"curies":[{"name":"wp","href":"https:\/\/api.w.org\/{rel}","templated":true}]}}